{"id":117257,"date":"2025-06-18T15:15:57","date_gmt":"2025-06-18T15:15:57","guid":{"rendered":"https:\/\/todaykhoe.com\/?post_type=product&#038;p=117257"},"modified":"2025-06-18T15:16:10","modified_gmt":"2025-06-18T15:16:10","slug":"lisabelle-krem","status":"publish","type":"product","link":"https:\/\/www.todaykhoe.com\/ar\/product\/lisabelle-krem\/","title":{"rendered":"Lisabelle Krem"},"content":{"rendered":"<p><a href=\"https:\/\/todaykhoe.com\/product\/lisabelle-krem\/\"><b>Lisabelle<\/b><\/a> kremi q\u0131r\u0131\u015flar\u0131 hamarlay\u0131r. Z\u0259d\u0259l\u0259nmi\u015f d\u0259ri \u00fc\u00e7\u00fcn \u00fczvi m\u0259lh\u0259m b\u0259rpa edir v\u0259 cavanla\u015fd\u0131r\u0131r. \u00dcz oval\u0131n\u0131 s\u0131x\u0131r v\u0259 b\u00fct\u00fcn dermalara uy\u011fun g\u0259lir. Az\u0259rbaycan qad\u0131nlar\u0131ndan daha \u00e7ox g\u0259nc g\u00f6r\u00fcnm\u0259k \u00fc\u00e7\u00fcn istifad\u0259 edir.<\/p>\n<p>Onlara qo\u015fulmaq \u00fc\u00e7\u00fcn onu r\u0259smi internet sayt\u0131ndan sifari\u015f edin. Lisabelle-nin forumdak\u0131 qeydl\u0259ri d\u0259rini ip\u0259k kimi etdiyini n\u00fcmayi\u015f etdirir. \u018flaq\u0259 yan t\u0259sirl\u0259ri qeyd etmir. Bu m\u0259hsul dermatoloqlar t\u0259r\u0259find\u0259n haz\u0131rlanm\u0131\u015fd\u0131r. Lisabelle'nin qocalma \u0259leyhin\u0259 kremi \u0259n yax\u015f\u0131 \u00fczvi d\u0259ri g\u00f6z\u0259ll\u0259\u015fdiricil\u0259rind\u0259n v\u0259 g\u00fcnd\u0259lik qulluq m\u0259hsullar\u0131ndan biridir, deyirl\u0259r.<\/p>\n<p>Onlar\u0131n t\u0259rkibind\u0259 q\u00fcsursuz bir g\u00f6r\u00fcn\u00fc\u015f \u00fc\u00e7\u00fcn d\u0259ri s\u0259thini hamarlayan antioksidanlar v\u0259 minerallar var. M\u0259lh\u0259m klinik s\u0131naqdan ke\u00e7irilmi\u015f v\u0259 t\u0259hl\u00fck\u0259siz hesab edilmi\u015fdir. Orta effektivlik 95% -dir. Lisabelle makiyajs\u0131z g\u0259ncliyi \u0259lav\u0259 edir.<\/p>\n<h2>Lisabelle &#8211; V\u0259 nec\u0259 i\u015fl\u0259yir?<\/h2>\n<p>T\u0259bii Lisabelle kremi d\u0259rini cavanla\u015fd\u0131r\u0131r v\u0259 b\u0259rpa edir. Antioksidantlar v\u0259 minerallar \u00fczvi m\u0259lh\u0259mi qidaland\u0131raraq onu daha g\u0259nc g\u00f6st\u0259rir. G\u00fcnd\u0259lik istifad\u0259 edildikd\u0259 q\u0131r\u0131\u015flar\u0131, inc\u0259 x\u0259ttl\u0259ri v\u0259 t\u00fcnd l\u0259k\u0259l\u0259ri azald\u0131r. Bu, \u00fcz\u00fcn oval\u0131n\u0131 s\u0131x\u0131r v\u0259 dermal s\u0259thi m\u0259xm\u0259r kimi hiss edir.<\/p>\n<p>D\u0259rman\u0131 onun sayt\u0131nda sifari\u015f ed\u0259 bil\u0259rsiniz. Onun reseptini haz\u0131rlayan dermatoloqlar. \u0130nsanlar Lisabellenin bahal\u0131 kosmetikaya yax\u015f\u0131 alternativ oldu\u011funu d\u00fc\u015f\u00fcn\u00fcrl\u0259r. Lisabelle'nin qocalma \u0259leyhin\u0259 krem \u200b\u200bistifad\u0259\u00e7il\u0259rinin he\u00e7 bir narahat\u00e7\u0131l\u0131\u011f\u0131 yox idi. M\u0259hsul klinik c\u0259h\u0259td\u0259n s\u0131naqdan ke\u00e7irilmi\u015f v\u0259 b\u00fct\u00fcn d\u0259ri tipl\u0259ri \u00fc\u00e7\u00fcn uy\u011fundur.<\/p>\n<p>D\u0259rinin sa\u011flaml\u0131\u011f\u0131n\u0131 v\u0259 g\u00f6r\u00fcn\u00fc\u015f\u00fcn\u00fc yax\u015f\u0131la\u015fd\u0131rmaq \u00fc\u00e7\u00fcn orta effektivlik 95% -dir. Keyfiyy\u0259t Sertifikat\u0131 bunu s\u00fcbut edir. Lisabelle real vaxtda qocalm\u0131\u015f d\u0259rini b\u0259rpa edir v\u0259 cavanla\u015fd\u0131r\u0131r.<\/p>\n<h3>L\u0130SABELLE &#8211; Elmi c\u0259h\u0259td\u0259n s\u00fcbut edilmi\u015f Spherulite\u2122 R-10 mikrokapsulu stabill\u0259\u015fdirilmi\u015f retinol il\u0259 ilk q\u0131r\u0131\u015f \u0259leyhin\u0259 krem.<\/h3>\n<ul>\n<li>Al\u0131n q\u0131r\u0131\u015flar\u0131n\u0131 effektiv \u015f\u0259kild\u0259 aradan qald\u0131r\u0131r<\/li>\n<li>\u00dcz q\u0131r\u0131\u015flar\u0131n\u0131 hamarlay\u0131r<\/li>\n<li>Evd\u0259 istifad\u0259 \u00fc\u00e7\u00fcn rahat formula<\/li>\n<li>\u00dcz, boyun v\u0259 sin\u0259 d\u0259risini cavanla\u015fd\u0131rmaq \u00fc\u00e7\u00fcn uy\u011fundur<\/li>\n<\/ul>\n<h3>LISABELLE d\u0259riniz n\u0259z\u0259r\u0259 al\u0131nmaqla haz\u0131rlanm\u0131\u015fd\u0131r!<\/h3>\n<ul>\n<li>LISABELLE kreminin formulas\u0131 d\u0259riy\u0259 n\u00fcfuz edir v\u0259 h\u00fcceyr\u0259 s\u0259viyy\u0259sind\u0259 t\u0259sirini g\u00f6st\u0259rir;<\/li>\n<li>H\u0259r g\u00fcn, s\u0259h\u0259r v\u0259 ax\u015fam istifad\u0259 edil\u0259 bil\u0259r;<\/li>\n<li>LISABELLE \u00e7\u00f6l\u0259 \u00e7\u0131xmadan v\u0259 makiyaj t\u0259tbiq etm\u0259zd\u0259n \u0259vv\u0259l istifad\u0259 edil\u0259 bil\u0259r;<\/li>\n<li>LISABELLE kreminin formulas\u0131na \u0259saslanaraq, t\u0259rkibind\u0259 spirt v\u0259 m\u00fcxt\u0259lif tur\u015fular olan losyonlarla birlikd\u0259 istifad\u0259 oluna bil\u0259r;<\/li>\n<li>LISABELLE kremi skrablar, pilinql\u0259r v\u0259 dig\u0259r kosmetik vasit\u0259l\u0259rl\u0259 birlikd\u0259 istifad\u0259 edil\u0259 bil\u0259r.<\/li>\n<\/ul>\n<h3>Lisabelle t\u0259r\u0259find\u0259n forum r\u0259yl\u0259ri v\u0259 \u015f\u0259rhl\u0259ri<\/h3>\n<p>Lisabelle-nin g\u00f6z\u0259llik forumlar\u0131nda m\u0259hsulla ba\u011fl\u0131 probleml\u0259ri g\u00f6st\u0259r\u0259n he\u00e7 bir m\u0259nfi r\u0259yi yoxdur. Qad\u0131nlar onu d\u0259rinin b\u0259rpas\u0131 v\u0259 n\u0259ml\u0259ndirilm\u0259si \u00fc\u00e7\u00fcn t\u0259sirli hesab edirl\u0259r. Onlar\u0131n ifad\u0259l\u0259rin\u0259 t\u0259tbiqd\u0259n sonra \u00fczl\u0259rinin n\u0259 q\u0259d\u0259r g\u0259nc g\u00f6r\u00fcnd\u00fcy\u00fcn\u00fc g\u00f6st\u0259r\u0259n \u0259vv\u0259l v\u0259 sonrak\u0131 foto\u015f\u0259kill\u0259r daxildir. Lisabelle h\u0259m\u00e7inin m\u00fct\u0259x\u0259ssisl\u0259r t\u0259r\u0259find\u0259n cavanla\u015fd\u0131ran m\u00fcnt\u0259z\u0259m d\u0259riy\u0259 qulluq \u00fc\u00e7\u00fcn t\u00f6vsiy\u0259 olunur.<\/p>\n<p><b>R\u0259yl\u0259r:<\/b><\/p>\n<blockquote><p>Lisabelle istifad\u0259 etdiyim \u0259n yax\u015f\u0131 d\u0259ri b\u0259rpas\u0131 m\u0259hsullar\u0131ndan biridir. D\u0259rim ip\u0259k kimi hamard\u0131r. \u0130stifad\u0259nin ilk h\u0259ft\u0259si q\u0131r\u0131\u015flar\u0131 v\u0259 inc\u0259 x\u0259ttl\u0259ri azald\u0131r. R\u0259smi internet sayt\u0131n\u0131n qiym\u0259t-keyfiyy\u0259t nisb\u0259ti d\u0259 c\u0259lbedicidir. Ciddi endirim edildi! Slavitsa Nikoli\u00e7, 41;<\/p>\n<p>M\u0259n he\u00e7 vaxt ya\u015flanma \u0259leyhin\u0259 d\u0259riy\u0259 qulluq m\u0259hsulunu s\u0131namam\u0131\u015fam. Lisabelle istifad\u0259 etm\u0259y\u0259 ba\u015flay\u0131n v\u0259 d\u0259rhal faydalar\u0131n\u0131 \u0259ld\u0259 edin. \u00dcz oval\u0131n\u0131 s\u0131x\u0131r v\u0259 dermis elastikl\u0259\u015fir. 20 ya\u015f\u0131mdan b\u0259ri ip\u0259k kimi par\u0131lt\u0131 g\u00f6rm\u0259mi\u015fdim! Jasmina Aganovic, 39;<\/p>\n<p>H\u0259yat yolda\u015f\u0131m bir ne\u00e7\u0259 ay \u0259vv\u0259l bu ya\u015flanma \u0259leyhin\u0259 kremd\u0259n istifad\u0259 ed\u0259nd\u0259n b\u0259ri h\u0259mi\u015f\u0259kind\u0259n daha g\u0259nc g\u00f6r\u00fcn\u00fcr. M\u0259n onun \u0259tin\u0259 toxunmaqdan h\u0259zz al\u0131ram. Onun daha az q\u0131r\u0131\u015flar\u0131 v\u0259 \u00f6z\u00fcn\u0259 inam\u0131 daha \u00e7oxdur. Marko, 45;<\/p><\/blockquote>\n<h2>Az\u0259rbaycanda Lisabelle Qiym\u0259ti \u2014 Haradan Almaq olar?<\/h2>\n<p>Lisabelle Az\u0259rbaycanda haradan ucuz almaq olar? R\u0259smi veb sayt\u0131na daxil olun. Lisenziyal\u0131 veb sayt sifari\u015fl\u0259ri tez emal edir v\u0259 g\u00fcnl\u0259r \u0259rzind\u0259 \u00e7atd\u0131r\u0131r. Lisabelle qiym\u0259t q\u0259na\u0259tind\u0259n \u00f6z xeyriniz\u0259 istifad\u0259 edin.<\/p>\n<p>Lisabelle-nin cari promo m\u00fcqavil\u0259si 50% endirim t\u0259klif edir. Bu kampaniyada tez bir zamanda i\u015ftirak etm\u0259k \u00fc\u00e7\u00fcn r\u0259q\u0259msal forman\u0131 doldurun. Se\u00e7diyiniz \u00e7atd\u0131r\u0131lma \u00fcnvan\u0131n\u0131 yoxlay\u0131n. \u00c7atd\u0131r\u0131lma \u00fcnvan\u0131n\u0131z\u0131 t\u0259sdiql\u0259m\u0259k \u00fc\u00e7\u00fcn n\u00fcmay\u0259nd\u0259 z\u0259ng ed\u0259c\u0259k. M\u0259hsulun \u00e7atd\u0131r\u0131lmas\u0131 bir ne\u00e7\u0259 g\u00fcn \u00e7\u0259kir.<\/p>\n<p>Diqq\u0259t! Daha yax\u015f\u0131 ya\u015flanma \u0259leyhin\u0259 d\u0259riy\u0259 qulluq \u00fc\u00e7\u00fcn Lisabelle kreminin onlayn sifari\u015fl\u0259ri standartd\u0131r. M\u00fc\u015ft\u0259ril\u0259r sifari\u015f formas\u0131n\u0131 doldurur, m\u0259lumatlar\u0131n\u0131 t\u0259sdiql\u0259yir v\u0259 \u00e7atd\u0131r\u0131lmas\u0131n\u0131 g\u00f6zl\u0259yirl\u0259r. \u00c7atd\u0131r\u0131lma g\u00fcnl\u0259r \u00e7\u0259kir v\u0259 COD-dir.<\/p>\n","protected":false},"excerpt":{"rendered":"<h3><span style=\"color: #000000;\">L\u0130SABELLE &#8211; Elmi c\u0259h\u0259td\u0259n s\u00fcbut edilmi\u015f Spherulite\u2122 R-10 mikrokapsulu stabill\u0259\u015fdirilmi\u015f retinol il\u0259 ilk q\u0131r\u0131\u015f \u0259leyhin\u0259 krem.<\/span><\/h3>\n<ul>\n<li><span style=\"color: #000000;\">Al\u0131n q\u0131r\u0131\u015flar\u0131n\u0131 effektiv \u015f\u0259kild\u0259 aradan qald\u0131r\u0131r<\/span><\/li>\n<li><span style=\"color: #000000;\">\u00dcz q\u0131r\u0131\u015flar\u0131n\u0131 hamarlay\u0131r<\/span><\/li>\n<li><span style=\"color: #000000;\">Evd\u0259 istifad\u0259 \u00fc\u00e7\u00fcn rahat formula<\/span><\/li>\n<li><span style=\"color: #000000;\">\u00dcz, boyun v\u0259 sin\u0259 d\u0259risini cavanla\u015fd\u0131rmaq \u00fc\u00e7\u00fcn uy\u011fundur<\/span><\/li>\n<\/ul>\n<p><span style=\"font-size: 14pt; color: #000000;\"><b>K\u00f6hn\u0259 Qiym\u0259t: <span style=\"color: #ff0000;\"><del>39 AZN<\/del><\/span><\/b><\/span><\/p>\n<p><span style=\"font-size: 16pt; color: #000000;\"><b>Yeni Qiym\u0259t: <span style=\"font-size: 16pt; color: #00ff00;\">1 AZN<\/span><\/b><\/span><\/p>\n","protected":false},"featured_media":117258,"comment_status":"open","ping_status":"closed","template":"","meta":[],"product_brand":[],"product_cat":[674],"product_tag":[],"class_list":{"0":"post-117257","1":"product","2":"type-product","3":"status-publish","4":"has-post-thumbnail","6":"product_cat-gozllik","8":"first","9":"instock","10":"shipping-taxable","11":"product-type-external"},"yoast_head":"<!-- This site is optimized with the Yoast SEO plugin v27.3 - https:\/\/yoast.com\/product\/yoast-seo-wordpress\/ -->\n<title>Lisabelle Krem - D\u0259rinin cavanla\u015fmas\u0131na k\u00f6m\u0259k edin (Azerbaijan)<\/title>\n<meta name=\"description\" content=\"Lisabelle kremi q\u0131r\u0131\u015flar\u0131 hamarlay\u0131r. Z\u0259d\u0259l\u0259nmi\u015f d\u0259ri \u00fc\u00e7\u00fcn \u00fczvi m\u0259lh\u0259m b\u0259rpa edir v\u0259 cavanla\u015fd\u0131r\u0131r. Lisabelle Azerbaijan 2025, Lisabelle Krem 2025\" \/>\n<meta name=\"robots\" content=\"index, follow, max-snippet:-1, max-image-preview:large, max-video-preview:-1\" \/>\n<link rel=\"canonical\" href=\"https:\/\/www.todaykhoe.com\/product\/lisabelle-krem\/\" \/>\n<meta property=\"og:locale\" content=\"ar_AR\" \/>\n<meta property=\"og:type\" content=\"article\" \/>\n<meta property=\"og:title\" content=\"Lisabelle Krem - D\u0259rinin cavanla\u015fmas\u0131na k\u00f6m\u0259k edin (Azerbaijan)\" \/>\n<meta property=\"og:description\" content=\"Lisabelle kremi q\u0131r\u0131\u015flar\u0131 hamarlay\u0131r. Z\u0259d\u0259l\u0259nmi\u015f d\u0259ri \u00fc\u00e7\u00fcn \u00fczvi m\u0259lh\u0259m b\u0259rpa edir v\u0259 cavanla\u015fd\u0131r\u0131r. Lisabelle Azerbaijan 2025, Lisabelle Krem 2025\" \/>\n<meta property=\"og:url\" content=\"https:\/\/www.todaykhoe.com\/product\/lisabelle-krem\/\" \/>\n<meta property=\"og:site_name\" content=\"TodayKh\u1ecfe.Com\" \/>\n<meta property=\"article:modified_time\" content=\"2025-06-18T15:16:10+00:00\" \/>\n<meta property=\"og:image\" content=\"https:\/\/www.todaykhoe.com\/wp-content\/uploads\/2025\/06\/Lisabelle.png\" \/>\n\t<meta property=\"og:image:width\" content=\"508\" \/>\n\t<meta property=\"og:image:height\" content=\"485\" \/>\n\t<meta property=\"og:image:type\" content=\"image\/png\" \/>\n<meta name=\"twitter:card\" content=\"summary_large_image\" \/>\n<meta name=\"twitter:label1\" content=\"\u0648\u0642\u062a \u0627\u0644\u0642\u0631\u0627\u0621\u0629 \u0627\u0644\u0645\u064f\u0642\u062f\u0651\u0631\" \/>\n\t<meta name=\"twitter:data1\" content=\"5 \u062f\u0642\u0627\u0626\u0642\" \/>\n<script type=\"application\/ld+json\" class=\"yoast-schema-graph\">{\"@context\":\"https:\\\/\\\/schema.org\",\"@graph\":[{\"@type\":\"WebPage\",\"@id\":\"https:\\\/\\\/www.todaykhoe.com\\\/product\\\/lisabelle-krem\\\/\",\"url\":\"https:\\\/\\\/www.todaykhoe.com\\\/product\\\/lisabelle-krem\\\/\",\"name\":\"Lisabelle Krem - D\u0259rinin cavanla\u015fmas\u0131na k\u00f6m\u0259k edin (Azerbaijan)\",\"isPartOf\":{\"@id\":\"https:\\\/\\\/www.todaykhoe.com\\\/#website\"},\"primaryImageOfPage\":{\"@id\":\"https:\\\/\\\/www.todaykhoe.com\\\/product\\\/lisabelle-krem\\\/#primaryimage\"},\"image\":{\"@id\":\"https:\\\/\\\/www.todaykhoe.com\\\/product\\\/lisabelle-krem\\\/#primaryimage\"},\"thumbnailUrl\":\"https:\\\/\\\/www.todaykhoe.com\\\/wp-content\\\/uploads\\\/2025\\\/06\\\/Lisabelle.png\",\"datePublished\":\"2025-06-18T15:15:57+00:00\",\"dateModified\":\"2025-06-18T15:16:10+00:00\",\"description\":\"Lisabelle kremi q\u0131r\u0131\u015flar\u0131 hamarlay\u0131r. Z\u0259d\u0259l\u0259nmi\u015f d\u0259ri \u00fc\u00e7\u00fcn \u00fczvi m\u0259lh\u0259m b\u0259rpa edir v\u0259 cavanla\u015fd\u0131r\u0131r. Lisabelle Azerbaijan 2025, Lisabelle Krem 2025\",\"breadcrumb\":{\"@id\":\"https:\\\/\\\/www.todaykhoe.com\\\/product\\\/lisabelle-krem\\\/#breadcrumb\"},\"inLanguage\":\"ar\",\"potentialAction\":[{\"@type\":\"ReadAction\",\"target\":[\"https:\\\/\\\/www.todaykhoe.com\\\/product\\\/lisabelle-krem\\\/\"]}]},{\"@type\":\"ImageObject\",\"inLanguage\":\"ar\",\"@id\":\"https:\\\/\\\/www.todaykhoe.com\\\/product\\\/lisabelle-krem\\\/#primaryimage\",\"url\":\"https:\\\/\\\/www.todaykhoe.com\\\/wp-content\\\/uploads\\\/2025\\\/06\\\/Lisabelle.png\",\"contentUrl\":\"https:\\\/\\\/www.todaykhoe.com\\\/wp-content\\\/uploads\\\/2025\\\/06\\\/Lisabelle.png\",\"width\":508,\"height\":485,\"caption\":\"Lisabelle\"},{\"@type\":\"BreadcrumbList\",\"@id\":\"https:\\\/\\\/www.todaykhoe.com\\\/product\\\/lisabelle-krem\\\/#breadcrumb\",\"itemListElement\":[{\"@type\":\"ListItem\",\"position\":1,\"name\":\"Home\",\"item\":\"https:\\\/\\\/www.todaykhoe.com\\\/\"},{\"@type\":\"ListItem\",\"position\":2,\"name\":\"Shop\",\"item\":\"https:\\\/\\\/www.todaykhoe.com\\\/shop\\\/\"},{\"@type\":\"ListItem\",\"position\":3,\"name\":\"Lisabelle Krem\"}]},{\"@type\":\"WebSite\",\"@id\":\"https:\\\/\\\/www.todaykhoe.com\\\/#website\",\"url\":\"https:\\\/\\\/www.todaykhoe.com\\\/\",\"name\":\"TodayKh\u1ecfe.Com\",\"description\":\"Healthy Today, Fitness, Nutrition, Beauty, News!\",\"publisher\":{\"@id\":\"https:\\\/\\\/www.todaykhoe.com\\\/#organization\"},\"potentialAction\":[{\"@type\":\"SearchAction\",\"target\":{\"@type\":\"EntryPoint\",\"urlTemplate\":\"https:\\\/\\\/www.todaykhoe.com\\\/?s={search_term_string}\"},\"query-input\":{\"@type\":\"PropertyValueSpecification\",\"valueRequired\":true,\"valueName\":\"search_term_string\"}}],\"inLanguage\":\"ar\"},{\"@type\":\"Organization\",\"@id\":\"https:\\\/\\\/www.todaykhoe.com\\\/#organization\",\"name\":\"TodayKh\u1ecfe.Com\",\"url\":\"https:\\\/\\\/www.todaykhoe.com\\\/\",\"logo\":{\"@type\":\"ImageObject\",\"inLanguage\":\"ar\",\"@id\":\"https:\\\/\\\/www.todaykhoe.com\\\/#\\\/schema\\\/logo\\\/image\\\/\",\"url\":\"https:\\\/\\\/www.todaykhoe.com\\\/wp-content\\\/uploads\\\/2025\\\/04\\\/Todaykhoe.png\",\"contentUrl\":\"https:\\\/\\\/www.todaykhoe.com\\\/wp-content\\\/uploads\\\/2025\\\/04\\\/Todaykhoe.png\",\"width\":706,\"height\":159,\"caption\":\"TodayKh\u1ecfe.Com\"},\"image\":{\"@id\":\"https:\\\/\\\/www.todaykhoe.com\\\/#\\\/schema\\\/logo\\\/image\\\/\"}}]}<\/script>\n<!-- \/ Yoast SEO plugin. -->","yoast_head_json":{"title":"Lisabelle Krem - D\u0259rinin cavanla\u015fmas\u0131na k\u00f6m\u0259k edin (Azerbaijan)","description":"Lisabelle kremi q\u0131r\u0131\u015flar\u0131 hamarlay\u0131r. Z\u0259d\u0259l\u0259nmi\u015f d\u0259ri \u00fc\u00e7\u00fcn \u00fczvi m\u0259lh\u0259m b\u0259rpa edir v\u0259 cavanla\u015fd\u0131r\u0131r. Lisabelle Azerbaijan 2025, Lisabelle Krem 2025","robots":{"index":"index","follow":"follow","max-snippet":"max-snippet:-1","max-image-preview":"max-image-preview:large","max-video-preview":"max-video-preview:-1"},"canonical":"https:\/\/www.todaykhoe.com\/product\/lisabelle-krem\/","og_locale":"ar_AR","og_type":"article","og_title":"Lisabelle Krem - D\u0259rinin cavanla\u015fmas\u0131na k\u00f6m\u0259k edin (Azerbaijan)","og_description":"Lisabelle kremi q\u0131r\u0131\u015flar\u0131 hamarlay\u0131r. Z\u0259d\u0259l\u0259nmi\u015f d\u0259ri \u00fc\u00e7\u00fcn \u00fczvi m\u0259lh\u0259m b\u0259rpa edir v\u0259 cavanla\u015fd\u0131r\u0131r. Lisabelle Azerbaijan 2025, Lisabelle Krem 2025","og_url":"https:\/\/www.todaykhoe.com\/product\/lisabelle-krem\/","og_site_name":"TodayKh\u1ecfe.Com","article_modified_time":"2025-06-18T15:16:10+00:00","og_image":[{"width":508,"height":485,"url":"https:\/\/www.todaykhoe.com\/wp-content\/uploads\/2025\/06\/Lisabelle.png","type":"image\/png"}],"twitter_card":"summary_large_image","twitter_misc":{"\u0648\u0642\u062a \u0627\u0644\u0642\u0631\u0627\u0621\u0629 \u0627\u0644\u0645\u064f\u0642\u062f\u0651\u0631":"5 \u062f\u0642\u0627\u0626\u0642"},"schema":{"@context":"https:\/\/schema.org","@graph":[{"@type":"WebPage","@id":"https:\/\/www.todaykhoe.com\/product\/lisabelle-krem\/","url":"https:\/\/www.todaykhoe.com\/product\/lisabelle-krem\/","name":"Lisabelle Krem - D\u0259rinin cavanla\u015fmas\u0131na k\u00f6m\u0259k edin (Azerbaijan)","isPartOf":{"@id":"https:\/\/www.todaykhoe.com\/#website"},"primaryImageOfPage":{"@id":"https:\/\/www.todaykhoe.com\/product\/lisabelle-krem\/#primaryimage"},"image":{"@id":"https:\/\/www.todaykhoe.com\/product\/lisabelle-krem\/#primaryimage"},"thumbnailUrl":"https:\/\/www.todaykhoe.com\/wp-content\/uploads\/2025\/06\/Lisabelle.png","datePublished":"2025-06-18T15:15:57+00:00","dateModified":"2025-06-18T15:16:10+00:00","description":"Lisabelle kremi q\u0131r\u0131\u015flar\u0131 hamarlay\u0131r. Z\u0259d\u0259l\u0259nmi\u015f d\u0259ri \u00fc\u00e7\u00fcn \u00fczvi m\u0259lh\u0259m b\u0259rpa edir v\u0259 cavanla\u015fd\u0131r\u0131r. Lisabelle Azerbaijan 2025, Lisabelle Krem 2025","breadcrumb":{"@id":"https:\/\/www.todaykhoe.com\/product\/lisabelle-krem\/#breadcrumb"},"inLanguage":"ar","potentialAction":[{"@type":"ReadAction","target":["https:\/\/www.todaykhoe.com\/product\/lisabelle-krem\/"]}]},{"@type":"ImageObject","inLanguage":"ar","@id":"https:\/\/www.todaykhoe.com\/product\/lisabelle-krem\/#primaryimage","url":"https:\/\/www.todaykhoe.com\/wp-content\/uploads\/2025\/06\/Lisabelle.png","contentUrl":"https:\/\/www.todaykhoe.com\/wp-content\/uploads\/2025\/06\/Lisabelle.png","width":508,"height":485,"caption":"Lisabelle"},{"@type":"BreadcrumbList","@id":"https:\/\/www.todaykhoe.com\/product\/lisabelle-krem\/#breadcrumb","itemListElement":[{"@type":"ListItem","position":1,"name":"Home","item":"https:\/\/www.todaykhoe.com\/"},{"@type":"ListItem","position":2,"name":"Shop","item":"https:\/\/www.todaykhoe.com\/shop\/"},{"@type":"ListItem","position":3,"name":"Lisabelle Krem"}]},{"@type":"WebSite","@id":"https:\/\/www.todaykhoe.com\/#website","url":"https:\/\/www.todaykhoe.com\/","name":"TodayKh\u1ecfe.Com","description":"Healthy Today, Fitness, Nutrition, Beauty, News!","publisher":{"@id":"https:\/\/www.todaykhoe.com\/#organization"},"potentialAction":[{"@type":"SearchAction","target":{"@type":"EntryPoint","urlTemplate":"https:\/\/www.todaykhoe.com\/?s={search_term_string}"},"query-input":{"@type":"PropertyValueSpecification","valueRequired":true,"valueName":"search_term_string"}}],"inLanguage":"ar"},{"@type":"Organization","@id":"https:\/\/www.todaykhoe.com\/#organization","name":"TodayKh\u1ecfe.Com","url":"https:\/\/www.todaykhoe.com\/","logo":{"@type":"ImageObject","inLanguage":"ar","@id":"https:\/\/www.todaykhoe.com\/#\/schema\/logo\/image\/","url":"https:\/\/www.todaykhoe.com\/wp-content\/uploads\/2025\/04\/Todaykhoe.png","contentUrl":"https:\/\/www.todaykhoe.com\/wp-content\/uploads\/2025\/04\/Todaykhoe.png","width":706,"height":159,"caption":"TodayKh\u1ecfe.Com"},"image":{"@id":"https:\/\/www.todaykhoe.com\/#\/schema\/logo\/image\/"}}]}},"_links":{"self":[{"href":"https:\/\/www.todaykhoe.com\/ar\/wp-json\/wp\/v2\/product\/117257","targetHints":{"allow":["GET"]}}],"collection":[{"href":"https:\/\/www.todaykhoe.com\/ar\/wp-json\/wp\/v2\/product"}],"about":[{"href":"https:\/\/www.todaykhoe.com\/ar\/wp-json\/wp\/v2\/types\/product"}],"replies":[{"embeddable":true,"href":"https:\/\/www.todaykhoe.com\/ar\/wp-json\/wp\/v2\/comments?post=117257"}],"wp:featuredmedia":[{"embeddable":true,"href":"https:\/\/www.todaykhoe.com\/ar\/wp-json\/wp\/v2\/media\/117258"}],"wp:attachment":[{"href":"https:\/\/www.todaykhoe.com\/ar\/wp-json\/wp\/v2\/media?parent=117257"}],"wp:term":[{"taxonomy":"product_brand","embeddable":true,"href":"https:\/\/www.todaykhoe.com\/ar\/wp-json\/wp\/v2\/product_brand?post=117257"},{"taxonomy":"product_cat","embeddable":true,"href":"https:\/\/www.todaykhoe.com\/ar\/wp-json\/wp\/v2\/product_cat?post=117257"},{"taxonomy":"product_tag","embeddable":true,"href":"https:\/\/www.todaykhoe.com\/ar\/wp-json\/wp\/v2\/product_tag?post=117257"}],"curies":[{"name":"wp","href":"https:\/\/api.w.org\/{rel}","templated":true}]}}